{"id":211,"date":"2025-04-28T14:01:15","date_gmt":"2025-04-28T12:01:15","guid":{"rendered":"https:\/\/1-plus.fr\/awatoz\/?post_type=product&#038;p=211"},"modified":"2026-04-15T22:03:37","modified_gmt":"2026-04-15T20:03:37","slug":"lait-clarifiant-huile-anti-tache-creme","status":"publish","type":"product","link":"https:\/\/1-plus.fr\/awatoz\/produit\/lait-clarifiant-huile-anti-tache-creme\/","title":{"rendered":"LAIT CLARIFIANT + HUILE ANTI TACHE + CR\u00c8ME"},"content":{"rendered":"<h2>Le lait hydratant clarifiant AWATOZA<\/h2>\n<p>Le lait hydratant clarifiant AWATOZA\u00a0 combinera puissance de l&rsquo;alpha hydroxy et l&rsquo;extrait moringa pour apporter l&rsquo;effet clarifiant de la piaules extrait de moringa et d&rsquo;allanto\u00eene de part leur composition en vitamines et en photo- nutriments apportent leurs effets apaisants et hydratant \u00e0 la peau pour la revitaliser afin de lui donner une sensation de fraicheur et de souplesse.<\/p>\n<p>Igredient: Aqua, hydroxypropyl guar, cetyl alcohol,ceteareth-20, sodium lactate, lactic acid, alpha arbutin, urea, moringa extrad, allantion,alpha hydroxy acid, methyl-propyl paragon,perfum,geraniol.<\/p>\n<p>Dans la gamme AWATOZA vous avez: Le lait, la lotion, la cr\u00e8me, le savon gel gomma, le parfum est&#8230;<\/p>\n<hr \/>\n<h2>Huile hydratante Clarifiante Anti-Taches<\/h2>\n<p>Huile hydratante clarifiante anti-taches est compos\u00e9e d&rsquo;acides de fruits encore appel\u00e9s AHA. Ces acides de fruits sont associ\u00e9s \u00e0 des huiles v\u00e9g\u00e9tales riches en om\u00e9ga3, en om\u00e9ga 6et en om\u00e9ga 9, Elle s&rsquo; utilise avec une disquettes en coton pour nettoyer la peau afin d&rsquo;\u00e9liminer le s\u00e9bum et \u00e9galement les r\u00e9sidus de polution et du maquillage, tr\u00e9s hydratante, elle adoucit le visage clarifie le teint et r\u00e9duit \u00e9galement les taches et les boutons. Pour une action efficace et compl\u00e8te il faut associer cette huile anti-taches au savon purifiant clarifiant ou la lotion voire la cr\u00e8me clarifiante.<\/p>\n<h2 data-start=\"151\" data-end=\"563\"><strong data-start=\"151\" data-end=\"183\">Cr\u00e8me Clarifiante Anti-Tache<\/strong><\/h2>\n<p data-start=\"151\" data-end=\"563\">Offrez \u00e0 votre peau un teint lumineux et uniforme gr\u00e2ce \u00e0 notre cr\u00e8me clarifiante anti-tache. Formul\u00e9e pour att\u00e9nuer visiblement les taches pigmentaires, les marques d\u2019acn\u00e9 et les irr\u00e9gularit\u00e9s du teint, elle agit en douceur tout en nourrissant la peau. Sa texture l\u00e9g\u00e8re p\u00e9n\u00e8tre rapidement sans laisser de film gras, pour une peau douce, hydrat\u00e9e et \u00e9clatante jour apr\u00e8s jour.<\/p>\n<p class=\"\" data-start=\"565\" data-end=\"685\">\u2705 R\u00e9duit les taches brunes<br data-start=\"591\" data-end=\"594\" \/>\u2705 Illumine et unifie le teint<br data-start=\"623\" data-end=\"626\" \/>\u2705 Convient \u00e0 tous types de peau<br data-start=\"657\" data-end=\"660\" \/>\u2705 Utilisation quotidienne<\/p>\n","protected":false},"excerpt":{"rendered":"<p>Le lait hydratant clarifiant AWATOZA Le lait hydratant clarifiant AWATOZA\u00a0 combinera puissance de l&rsquo;alpha hydroxy et l&rsquo;extrait moringa pour apporter l&rsquo;effet clarifiant de la piaules extrait de moringa et d&rsquo;allanto\u00eene de part leur composition en vitamines et en photo- nutriments apportent leurs effets apaisants et hydratant \u00e0 la peau pour la revitaliser afin de lui [&hellip;]<\/p>\n","protected":false},"featured_media":212,"comment_status":"open","ping_status":"closed","template":"","meta":[],"product_brand":[16],"product_cat":[17,19],"product_tag":[33],"class_list":{"0":"post-211","1":"product","2":"type-product","3":"status-publish","4":"has-post-thumbnail","6":"product_brand-awatoza","7":"product_cat-beaute-et-forme","8":"product_cat-soins-visage","9":"product_tag-lait-clarifiant-huile-anti-tache-creme","11":"first","12":"instock","13":"shipping-taxable","14":"purchasable","15":"product-type-simple"},"yoast_head":"<!-- This site is optimized with the Yoast SEO plugin v27.4 - https:\/\/yoast.com\/product\/yoast-seo-wordpress\/ -->\n<title>LAIT CLARIFIANT + HUILE ANTI TACHE + CR\u00c8ME - AWATOZA 1-PLUS<\/title>\n<meta name=\"description\" content=\"Achetez LAIT CLARIFIANT + HUILE ANTI TACHE + CR\u00c8ME sur AWATOZA 1-PLUS. D\u00e9couvrez toutes nos offres et promotions dans la cat\u00e9gorie .\" \/>\n<meta name=\"robots\" content=\"index, follow, max-snippet:-1, max-image-preview:large, max-video-preview:-1\" \/>\n<link rel=\"canonical\" href=\"https:\/\/1-plus.fr\/awatoz\/produit\/lait-clarifiant-huile-anti-tache-creme\/\" \/>\n<meta property=\"og:locale\" content=\"fr_FR\" \/>\n<meta property=\"og:type\" content=\"article\" \/>\n<meta property=\"og:title\" content=\"LAIT CLARIFIANT + HUILE ANTI TACHE + CR\u00c8ME - AWATOZA 1-PLUS\" \/>\n<meta property=\"og:description\" content=\"Achetez LAIT CLARIFIANT + HUILE ANTI TACHE + CR\u00c8ME sur AWATOZA 1-PLUS. D\u00e9couvrez toutes nos offres et promotions dans la cat\u00e9gorie .\" \/>\n<meta property=\"og:url\" content=\"https:\/\/1-plus.fr\/awatoz\/produit\/lait-clarifiant-huile-anti-tache-creme\/\" \/>\n<meta property=\"og:site_name\" content=\"AWATOZA 1-PLUS\" \/>\n<meta property=\"article:modified_time\" content=\"2026-04-15T20:03:37+00:00\" \/>\n<meta property=\"og:image\" content=\"https:\/\/1-plus.fr\/awatoz\/wp-content\/uploads\/2025\/04\/PROMO-LAITHUILE-CREME.png\" \/>\n\t<meta property=\"og:image:width\" content=\"600\" \/>\n\t<meta property=\"og:image:height\" content=\"596\" \/>\n\t<meta property=\"og:image:type\" content=\"image\/png\" \/>\n<meta name=\"twitter:card\" content=\"summary_large_image\" \/>\n<meta name=\"twitter:label1\" content=\"Dur\u00e9e de lecture estim\u00e9e\" \/>\n\t<meta name=\"twitter:data1\" content=\"2 minutes\" \/>\n<script type=\"application\/ld+json\" class=\"yoast-schema-graph\">{\"@context\":\"https:\\\/\\\/schema.org\",\"@graph\":[{\"@type\":\"WebPage\",\"@id\":\"https:\\\/\\\/1-plus.fr\\\/awatoz\\\/produit\\\/lait-clarifiant-huile-anti-tache-creme\\\/\",\"url\":\"https:\\\/\\\/1-plus.fr\\\/awatoz\\\/produit\\\/lait-clarifiant-huile-anti-tache-creme\\\/\",\"name\":\"LAIT CLARIFIANT + HUILE ANTI TACHE + CR\u00c8ME - AWATOZA 1-PLUS\",\"isPartOf\":{\"@id\":\"https:\\\/\\\/1-plus.fr\\\/awatoz\\\/#website\"},\"primaryImageOfPage\":{\"@id\":\"https:\\\/\\\/1-plus.fr\\\/awatoz\\\/produit\\\/lait-clarifiant-huile-anti-tache-creme\\\/#primaryimage\"},\"image\":{\"@id\":\"https:\\\/\\\/1-plus.fr\\\/awatoz\\\/produit\\\/lait-clarifiant-huile-anti-tache-creme\\\/#primaryimage\"},\"thumbnailUrl\":\"https:\\\/\\\/1-plus.fr\\\/awatoz\\\/wp-content\\\/uploads\\\/2025\\\/04\\\/PROMO-LAITHUILE-CREME.png\",\"datePublished\":\"2025-04-28T12:01:15+00:00\",\"dateModified\":\"2026-04-15T20:03:37+00:00\",\"description\":\"Achetez LAIT CLARIFIANT + HUILE ANTI TACHE + CR\u00c8ME sur AWATOZA 1-PLUS. D\u00e9couvrez toutes nos offres et promotions dans la cat\u00e9gorie .\",\"breadcrumb\":{\"@id\":\"https:\\\/\\\/1-plus.fr\\\/awatoz\\\/produit\\\/lait-clarifiant-huile-anti-tache-creme\\\/#breadcrumb\"},\"inLanguage\":\"fr-FR\",\"potentialAction\":[{\"@type\":\"ReadAction\",\"target\":[\"https:\\\/\\\/1-plus.fr\\\/awatoz\\\/produit\\\/lait-clarifiant-huile-anti-tache-creme\\\/\"]}]},{\"@type\":\"ImageObject\",\"inLanguage\":\"fr-FR\",\"@id\":\"https:\\\/\\\/1-plus.fr\\\/awatoz\\\/produit\\\/lait-clarifiant-huile-anti-tache-creme\\\/#primaryimage\",\"url\":\"https:\\\/\\\/1-plus.fr\\\/awatoz\\\/wp-content\\\/uploads\\\/2025\\\/04\\\/PROMO-LAITHUILE-CREME.png\",\"contentUrl\":\"https:\\\/\\\/1-plus.fr\\\/awatoz\\\/wp-content\\\/uploads\\\/2025\\\/04\\\/PROMO-LAITHUILE-CREME.png\",\"width\":600,\"height\":596},{\"@type\":\"BreadcrumbList\",\"@id\":\"https:\\\/\\\/1-plus.fr\\\/awatoz\\\/produit\\\/lait-clarifiant-huile-anti-tache-creme\\\/#breadcrumb\",\"itemListElement\":[{\"@type\":\"ListItem\",\"position\":1,\"name\":\"Accueil\",\"item\":\"https:\\\/\\\/1-plus.fr\\\/awatoz\\\/\"},{\"@type\":\"ListItem\",\"position\":2,\"name\":\"Boutique\",\"item\":\"https:\\\/\\\/1-plus.fr\\\/awatoz\\\/boutique\\\/\"},{\"@type\":\"ListItem\",\"position\":3,\"name\":\"LAIT CLARIFIANT + HUILE ANTI TACHE + CR\u00c8ME\"}]},{\"@type\":\"WebSite\",\"@id\":\"https:\\\/\\\/1-plus.fr\\\/awatoz\\\/#website\",\"url\":\"https:\\\/\\\/1-plus.fr\\\/awatoz\\\/\",\"name\":\"AWATOZA 1-PLUS\",\"description\":\"Le seul et unique cr\u00e9ateur de la marque AWATOZA\",\"publisher\":{\"@id\":\"https:\\\/\\\/1-plus.fr\\\/awatoz\\\/#organization\"},\"potentialAction\":[{\"@type\":\"SearchAction\",\"target\":{\"@type\":\"EntryPoint\",\"urlTemplate\":\"https:\\\/\\\/1-plus.fr\\\/awatoz\\\/?s={search_term_string}\"},\"query-input\":{\"@type\":\"PropertyValueSpecification\",\"valueRequired\":true,\"valueName\":\"search_term_string\"}}],\"inLanguage\":\"fr-FR\"},{\"@type\":\"Organization\",\"@id\":\"https:\\\/\\\/1-plus.fr\\\/awatoz\\\/#organization\",\"name\":\"AWATOZA 1-PLUS\",\"url\":\"https:\\\/\\\/1-plus.fr\\\/awatoz\\\/\",\"logo\":{\"@type\":\"ImageObject\",\"inLanguage\":\"fr-FR\",\"@id\":\"https:\\\/\\\/1-plus.fr\\\/awatoz\\\/#\\\/schema\\\/logo\\\/image\\\/\",\"url\":\"https:\\\/\\\/1-plus.fr\\\/awatoz\\\/wp-content\\\/uploads\\\/2026\\\/01\\\/telechargement.jpg\",\"contentUrl\":\"https:\\\/\\\/1-plus.fr\\\/awatoz\\\/wp-content\\\/uploads\\\/2026\\\/01\\\/telechargement.jpg\",\"width\":222,\"height\":227,\"caption\":\"AWATOZA 1-PLUS\"},\"image\":{\"@id\":\"https:\\\/\\\/1-plus.fr\\\/awatoz\\\/#\\\/schema\\\/logo\\\/image\\\/\"}}]}<\/script>\n<!-- \/ Yoast SEO plugin. -->","yoast_head_json":{"title":"LAIT CLARIFIANT + HUILE ANTI TACHE + CR\u00c8ME - AWATOZA 1-PLUS","description":"Achetez LAIT CLARIFIANT + HUILE ANTI TACHE + CR\u00c8ME sur AWATOZA 1-PLUS. D\u00e9couvrez toutes nos offres et promotions dans la cat\u00e9gorie .","robots":{"index":"index","follow":"follow","max-snippet":"max-snippet:-1","max-image-preview":"max-image-preview:large","max-video-preview":"max-video-preview:-1"},"canonical":"https:\/\/1-plus.fr\/awatoz\/produit\/lait-clarifiant-huile-anti-tache-creme\/","og_locale":"fr_FR","og_type":"article","og_title":"LAIT CLARIFIANT + HUILE ANTI TACHE + CR\u00c8ME - AWATOZA 1-PLUS","og_description":"Achetez LAIT CLARIFIANT + HUILE ANTI TACHE + CR\u00c8ME sur AWATOZA 1-PLUS. D\u00e9couvrez toutes nos offres et promotions dans la cat\u00e9gorie .","og_url":"https:\/\/1-plus.fr\/awatoz\/produit\/lait-clarifiant-huile-anti-tache-creme\/","og_site_name":"AWATOZA 1-PLUS","article_modified_time":"2026-04-15T20:03:37+00:00","og_image":[{"width":600,"height":596,"url":"https:\/\/1-plus.fr\/awatoz\/wp-content\/uploads\/2025\/04\/PROMO-LAITHUILE-CREME.png","type":"image\/png"}],"twitter_card":"summary_large_image","twitter_misc":{"Dur\u00e9e de lecture estim\u00e9e":"2 minutes"},"schema":{"@context":"https:\/\/schema.org","@graph":[{"@type":"WebPage","@id":"https:\/\/1-plus.fr\/awatoz\/produit\/lait-clarifiant-huile-anti-tache-creme\/","url":"https:\/\/1-plus.fr\/awatoz\/produit\/lait-clarifiant-huile-anti-tache-creme\/","name":"LAIT CLARIFIANT + HUILE ANTI TACHE + CR\u00c8ME - AWATOZA 1-PLUS","isPartOf":{"@id":"https:\/\/1-plus.fr\/awatoz\/#website"},"primaryImageOfPage":{"@id":"https:\/\/1-plus.fr\/awatoz\/produit\/lait-clarifiant-huile-anti-tache-creme\/#primaryimage"},"image":{"@id":"https:\/\/1-plus.fr\/awatoz\/produit\/lait-clarifiant-huile-anti-tache-creme\/#primaryimage"},"thumbnailUrl":"https:\/\/1-plus.fr\/awatoz\/wp-content\/uploads\/2025\/04\/PROMO-LAITHUILE-CREME.png","datePublished":"2025-04-28T12:01:15+00:00","dateModified":"2026-04-15T20:03:37+00:00","description":"Achetez LAIT CLARIFIANT + HUILE ANTI TACHE + CR\u00c8ME sur AWATOZA 1-PLUS. D\u00e9couvrez toutes nos offres et promotions dans la cat\u00e9gorie .","breadcrumb":{"@id":"https:\/\/1-plus.fr\/awatoz\/produit\/lait-clarifiant-huile-anti-tache-creme\/#breadcrumb"},"inLanguage":"fr-FR","potentialAction":[{"@type":"ReadAction","target":["https:\/\/1-plus.fr\/awatoz\/produit\/lait-clarifiant-huile-anti-tache-creme\/"]}]},{"@type":"ImageObject","inLanguage":"fr-FR","@id":"https:\/\/1-plus.fr\/awatoz\/produit\/lait-clarifiant-huile-anti-tache-creme\/#primaryimage","url":"https:\/\/1-plus.fr\/awatoz\/wp-content\/uploads\/2025\/04\/PROMO-LAITHUILE-CREME.png","contentUrl":"https:\/\/1-plus.fr\/awatoz\/wp-content\/uploads\/2025\/04\/PROMO-LAITHUILE-CREME.png","width":600,"height":596},{"@type":"BreadcrumbList","@id":"https:\/\/1-plus.fr\/awatoz\/produit\/lait-clarifiant-huile-anti-tache-creme\/#breadcrumb","itemListElement":[{"@type":"ListItem","position":1,"name":"Accueil","item":"https:\/\/1-plus.fr\/awatoz\/"},{"@type":"ListItem","position":2,"name":"Boutique","item":"https:\/\/1-plus.fr\/awatoz\/boutique\/"},{"@type":"ListItem","position":3,"name":"LAIT CLARIFIANT + HUILE ANTI TACHE + CR\u00c8ME"}]},{"@type":"WebSite","@id":"https:\/\/1-plus.fr\/awatoz\/#website","url":"https:\/\/1-plus.fr\/awatoz\/","name":"AWATOZA 1-PLUS","description":"Le seul et unique cr\u00e9ateur de la marque AWATOZA","publisher":{"@id":"https:\/\/1-plus.fr\/awatoz\/#organization"},"potentialAction":[{"@type":"SearchAction","target":{"@type":"EntryPoint","urlTemplate":"https:\/\/1-plus.fr\/awatoz\/?s={search_term_string}"},"query-input":{"@type":"PropertyValueSpecification","valueRequired":true,"valueName":"search_term_string"}}],"inLanguage":"fr-FR"},{"@type":"Organization","@id":"https:\/\/1-plus.fr\/awatoz\/#organization","name":"AWATOZA 1-PLUS","url":"https:\/\/1-plus.fr\/awatoz\/","logo":{"@type":"ImageObject","inLanguage":"fr-FR","@id":"https:\/\/1-plus.fr\/awatoz\/#\/schema\/logo\/image\/","url":"https:\/\/1-plus.fr\/awatoz\/wp-content\/uploads\/2026\/01\/telechargement.jpg","contentUrl":"https:\/\/1-plus.fr\/awatoz\/wp-content\/uploads\/2026\/01\/telechargement.jpg","width":222,"height":227,"caption":"AWATOZA 1-PLUS"},"image":{"@id":"https:\/\/1-plus.fr\/awatoz\/#\/schema\/logo\/image\/"}}]}},"amp_enabled":true,"_links":{"self":[{"href":"https:\/\/1-plus.fr\/awatoz\/wp-json\/wp\/v2\/product\/211","targetHints":{"allow":["GET"]}}],"collection":[{"href":"https:\/\/1-plus.fr\/awatoz\/wp-json\/wp\/v2\/product"}],"about":[{"href":"https:\/\/1-plus.fr\/awatoz\/wp-json\/wp\/v2\/types\/product"}],"replies":[{"embeddable":true,"href":"https:\/\/1-plus.fr\/awatoz\/wp-json\/wp\/v2\/comments?post=211"}],"wp:featuredmedia":[{"embeddable":true,"href":"https:\/\/1-plus.fr\/awatoz\/wp-json\/wp\/v2\/media\/212"}],"wp:attachment":[{"href":"https:\/\/1-plus.fr\/awatoz\/wp-json\/wp\/v2\/media?parent=211"}],"wp:term":[{"taxonomy":"product_brand","embeddable":true,"href":"https:\/\/1-plus.fr\/awatoz\/wp-json\/wp\/v2\/product_brand?post=211"},{"taxonomy":"product_cat","embeddable":true,"href":"https:\/\/1-plus.fr\/awatoz\/wp-json\/wp\/v2\/product_cat?post=211"},{"taxonomy":"product_tag","embeddable":true,"href":"https:\/\/1-plus.fr\/awatoz\/wp-json\/wp\/v2\/product_tag?post=211"}],"curies":[{"name":"wp","href":"https:\/\/api.w.org\/{rel}","templated":true}]}}