{"id":213,"date":"2025-04-28T14:10:22","date_gmt":"2025-04-28T12:10:22","guid":{"rendered":"https:\/\/1-plus.fr\/awatoz\/?post_type=product&#038;p=213"},"modified":"2026-04-15T22:04:20","modified_gmt":"2026-04-15T20:04:20","slug":"pommade-awatoza-push-up-3-pots","status":"publish","type":"product","link":"https:\/\/1-plus.fr\/awatoz\/produit\/pommade-awatoza-push-up-3-pots\/","title":{"rendered":"Pommade AWATOZA  PUSH UP 3 pots"},"content":{"rendered":"<p>POMMADE AWATOZA PUSH UP<\/p>\n<p>Pommade AWATOZA\u00a0 PUSH UP\u00a0 traitement complet 3 Pots.<\/p>\n<p>La pommade AWATOZA PUSH UP fait grossir les fesses et les seins gr\u00e2ce \u00e0 son efficacit\u00e9 100% Naturelle. Faire des massages quotidiens, matin et soir apr\u00e8s le bain 2 \u00e0 5 minutes de massage jusqu&rsquo;\u00e0 ce que la pommade disparaisse totalement sur les parties souhaiter.<\/p>\n<p>La pommade est sans effets ind\u00e9sirables.<\/p>\n<p>Test\u00e9 dermatologiquement.<\/p>\n<p>DoctaDjaffarAwatoza.<\/p>\n","protected":false},"excerpt":{"rendered":"<p><iframe title=\"YouTube video player\" src=\"https:\/\/www.youtube.com\/embed\/PxUrbEgScf8?si=LIXJMVLZmelahVNS\" width=\"300\" height=\"250\" frameborder=\"0\" allowfullscreen=\"allowfullscreen\"><span data-mce-type=\"bookmark\" style=\"display: inline-block; width: 0px; overflow: hidden; line-height: 0;\" class=\"mce_SELRES_start\">\ufeff<\/span><\/iframe><\/p>\n","protected":false},"featured_media":214,"comment_status":"open","ping_status":"closed","template":"","meta":[],"product_brand":[16],"product_cat":[17,20],"product_tag":[32],"class_list":{"0":"post-213","1":"product","2":"type-product","3":"status-publish","4":"has-post-thumbnail","6":"product_brand-awatoza","7":"product_cat-beaute-et-forme","8":"product_cat-soins-corp","9":"product_tag-pommade-awatoza-push-up-3-pots","11":"first","12":"instock","13":"shipping-taxable","14":"purchasable","15":"product-type-simple"},"yoast_head":"<!-- This site is optimized with the Yoast SEO plugin v27.4 - https:\/\/yoast.com\/product\/yoast-seo-wordpress\/ -->\n<title>Pommade AWATOZA PUSH UP 3 pots - AWATOZA 1-PLUS<\/title>\n<meta name=\"description\" content=\"Achetez Pommade AWATOZA PUSH UP 3 pots sur AWATOZA 1-PLUS. D\u00e9couvrez toutes nos offres et promotions dans la cat\u00e9gorie .\" \/>\n<meta name=\"robots\" content=\"index, follow, max-snippet:-1, max-image-preview:large, max-video-preview:-1\" \/>\n<link rel=\"canonical\" href=\"https:\/\/1-plus.fr\/awatoz\/produit\/pommade-awatoza-push-up-3-pots\/\" \/>\n<meta property=\"og:locale\" content=\"fr_FR\" \/>\n<meta property=\"og:type\" content=\"article\" \/>\n<meta property=\"og:title\" content=\"Pommade AWATOZA PUSH UP 3 pots - AWATOZA 1-PLUS\" \/>\n<meta property=\"og:description\" content=\"Achetez Pommade AWATOZA PUSH UP 3 pots sur AWATOZA 1-PLUS. D\u00e9couvrez toutes nos offres et promotions dans la cat\u00e9gorie .\" \/>\n<meta property=\"og:url\" content=\"https:\/\/1-plus.fr\/awatoz\/produit\/pommade-awatoza-push-up-3-pots\/\" \/>\n<meta property=\"og:site_name\" content=\"AWATOZA 1-PLUS\" \/>\n<meta property=\"article:modified_time\" content=\"2026-04-15T20:04:20+00:00\" \/>\n<meta property=\"og:image\" content=\"https:\/\/1-plus.fr\/awatoz\/wp-content\/uploads\/2025\/04\/13-1pommade-awatoza-push-up-3-pots.jpg\" \/>\n\t<meta property=\"og:image:width\" content=\"800\" \/>\n\t<meta property=\"og:image:height\" content=\"800\" \/>\n\t<meta property=\"og:image:type\" content=\"image\/jpeg\" \/>\n<meta name=\"twitter:card\" content=\"summary_large_image\" \/>\n<script type=\"application\/ld+json\" class=\"yoast-schema-graph\">{\"@context\":\"https:\\\/\\\/schema.org\",\"@graph\":[{\"@type\":\"WebPage\",\"@id\":\"https:\\\/\\\/1-plus.fr\\\/awatoz\\\/produit\\\/pommade-awatoza-push-up-3-pots\\\/\",\"url\":\"https:\\\/\\\/1-plus.fr\\\/awatoz\\\/produit\\\/pommade-awatoza-push-up-3-pots\\\/\",\"name\":\"Pommade AWATOZA PUSH UP 3 pots - AWATOZA 1-PLUS\",\"isPartOf\":{\"@id\":\"https:\\\/\\\/1-plus.fr\\\/awatoz\\\/#website\"},\"primaryImageOfPage\":{\"@id\":\"https:\\\/\\\/1-plus.fr\\\/awatoz\\\/produit\\\/pommade-awatoza-push-up-3-pots\\\/#primaryimage\"},\"image\":{\"@id\":\"https:\\\/\\\/1-plus.fr\\\/awatoz\\\/produit\\\/pommade-awatoza-push-up-3-pots\\\/#primaryimage\"},\"thumbnailUrl\":\"https:\\\/\\\/1-plus.fr\\\/awatoz\\\/wp-content\\\/uploads\\\/2025\\\/04\\\/13-1pommade-awatoza-push-up-3-pots.jpg\",\"datePublished\":\"2025-04-28T12:10:22+00:00\",\"dateModified\":\"2026-04-15T20:04:20+00:00\",\"description\":\"Achetez Pommade AWATOZA PUSH UP 3 pots sur AWATOZA 1-PLUS. D\u00e9couvrez toutes nos offres et promotions dans la cat\u00e9gorie .\",\"breadcrumb\":{\"@id\":\"https:\\\/\\\/1-plus.fr\\\/awatoz\\\/produit\\\/pommade-awatoza-push-up-3-pots\\\/#breadcrumb\"},\"inLanguage\":\"fr-FR\",\"potentialAction\":[{\"@type\":\"ReadAction\",\"target\":[\"https:\\\/\\\/1-plus.fr\\\/awatoz\\\/produit\\\/pommade-awatoza-push-up-3-pots\\\/\"]}]},{\"@type\":\"ImageObject\",\"inLanguage\":\"fr-FR\",\"@id\":\"https:\\\/\\\/1-plus.fr\\\/awatoz\\\/produit\\\/pommade-awatoza-push-up-3-pots\\\/#primaryimage\",\"url\":\"https:\\\/\\\/1-plus.fr\\\/awatoz\\\/wp-content\\\/uploads\\\/2025\\\/04\\\/13-1pommade-awatoza-push-up-3-pots.jpg\",\"contentUrl\":\"https:\\\/\\\/1-plus.fr\\\/awatoz\\\/wp-content\\\/uploads\\\/2025\\\/04\\\/13-1pommade-awatoza-push-up-3-pots.jpg\",\"width\":800,\"height\":800},{\"@type\":\"BreadcrumbList\",\"@id\":\"https:\\\/\\\/1-plus.fr\\\/awatoz\\\/produit\\\/pommade-awatoza-push-up-3-pots\\\/#breadcrumb\",\"itemListElement\":[{\"@type\":\"ListItem\",\"position\":1,\"name\":\"Accueil\",\"item\":\"https:\\\/\\\/1-plus.fr\\\/awatoz\\\/\"},{\"@type\":\"ListItem\",\"position\":2,\"name\":\"Boutique\",\"item\":\"https:\\\/\\\/1-plus.fr\\\/awatoz\\\/boutique\\\/\"},{\"@type\":\"ListItem\",\"position\":3,\"name\":\"Pommade AWATOZA PUSH UP 3 pots\"}]},{\"@type\":\"WebSite\",\"@id\":\"https:\\\/\\\/1-plus.fr\\\/awatoz\\\/#website\",\"url\":\"https:\\\/\\\/1-plus.fr\\\/awatoz\\\/\",\"name\":\"AWATOZA 1-PLUS\",\"description\":\"Le seul et unique cr\u00e9ateur de la marque AWATOZA\",\"publisher\":{\"@id\":\"https:\\\/\\\/1-plus.fr\\\/awatoz\\\/#organization\"},\"potentialAction\":[{\"@type\":\"SearchAction\",\"target\":{\"@type\":\"EntryPoint\",\"urlTemplate\":\"https:\\\/\\\/1-plus.fr\\\/awatoz\\\/?s={search_term_string}\"},\"query-input\":{\"@type\":\"PropertyValueSpecification\",\"valueRequired\":true,\"valueName\":\"search_term_string\"}}],\"inLanguage\":\"fr-FR\"},{\"@type\":\"Organization\",\"@id\":\"https:\\\/\\\/1-plus.fr\\\/awatoz\\\/#organization\",\"name\":\"AWATOZA 1-PLUS\",\"url\":\"https:\\\/\\\/1-plus.fr\\\/awatoz\\\/\",\"logo\":{\"@type\":\"ImageObject\",\"inLanguage\":\"fr-FR\",\"@id\":\"https:\\\/\\\/1-plus.fr\\\/awatoz\\\/#\\\/schema\\\/logo\\\/image\\\/\",\"url\":\"https:\\\/\\\/1-plus.fr\\\/awatoz\\\/wp-content\\\/uploads\\\/2026\\\/01\\\/telechargement.jpg\",\"contentUrl\":\"https:\\\/\\\/1-plus.fr\\\/awatoz\\\/wp-content\\\/uploads\\\/2026\\\/01\\\/telechargement.jpg\",\"width\":222,\"height\":227,\"caption\":\"AWATOZA 1-PLUS\"},\"image\":{\"@id\":\"https:\\\/\\\/1-plus.fr\\\/awatoz\\\/#\\\/schema\\\/logo\\\/image\\\/\"}}]}<\/script>\n<!-- \/ Yoast SEO plugin. -->","yoast_head_json":{"title":"Pommade AWATOZA PUSH UP 3 pots - AWATOZA 1-PLUS","description":"Achetez Pommade AWATOZA PUSH UP 3 pots sur AWATOZA 1-PLUS. D\u00e9couvrez toutes nos offres et promotions dans la cat\u00e9gorie .","robots":{"index":"index","follow":"follow","max-snippet":"max-snippet:-1","max-image-preview":"max-image-preview:large","max-video-preview":"max-video-preview:-1"},"canonical":"https:\/\/1-plus.fr\/awatoz\/produit\/pommade-awatoza-push-up-3-pots\/","og_locale":"fr_FR","og_type":"article","og_title":"Pommade AWATOZA PUSH UP 3 pots - AWATOZA 1-PLUS","og_description":"Achetez Pommade AWATOZA PUSH UP 3 pots sur AWATOZA 1-PLUS. D\u00e9couvrez toutes nos offres et promotions dans la cat\u00e9gorie .","og_url":"https:\/\/1-plus.fr\/awatoz\/produit\/pommade-awatoza-push-up-3-pots\/","og_site_name":"AWATOZA 1-PLUS","article_modified_time":"2026-04-15T20:04:20+00:00","og_image":[{"width":800,"height":800,"url":"https:\/\/1-plus.fr\/awatoz\/wp-content\/uploads\/2025\/04\/13-1pommade-awatoza-push-up-3-pots.jpg","type":"image\/jpeg"}],"twitter_card":"summary_large_image","schema":{"@context":"https:\/\/schema.org","@graph":[{"@type":"WebPage","@id":"https:\/\/1-plus.fr\/awatoz\/produit\/pommade-awatoza-push-up-3-pots\/","url":"https:\/\/1-plus.fr\/awatoz\/produit\/pommade-awatoza-push-up-3-pots\/","name":"Pommade AWATOZA PUSH UP 3 pots - AWATOZA 1-PLUS","isPartOf":{"@id":"https:\/\/1-plus.fr\/awatoz\/#website"},"primaryImageOfPage":{"@id":"https:\/\/1-plus.fr\/awatoz\/produit\/pommade-awatoza-push-up-3-pots\/#primaryimage"},"image":{"@id":"https:\/\/1-plus.fr\/awatoz\/produit\/pommade-awatoza-push-up-3-pots\/#primaryimage"},"thumbnailUrl":"https:\/\/1-plus.fr\/awatoz\/wp-content\/uploads\/2025\/04\/13-1pommade-awatoza-push-up-3-pots.jpg","datePublished":"2025-04-28T12:10:22+00:00","dateModified":"2026-04-15T20:04:20+00:00","description":"Achetez Pommade AWATOZA PUSH UP 3 pots sur AWATOZA 1-PLUS. D\u00e9couvrez toutes nos offres et promotions dans la cat\u00e9gorie .","breadcrumb":{"@id":"https:\/\/1-plus.fr\/awatoz\/produit\/pommade-awatoza-push-up-3-pots\/#breadcrumb"},"inLanguage":"fr-FR","potentialAction":[{"@type":"ReadAction","target":["https:\/\/1-plus.fr\/awatoz\/produit\/pommade-awatoza-push-up-3-pots\/"]}]},{"@type":"ImageObject","inLanguage":"fr-FR","@id":"https:\/\/1-plus.fr\/awatoz\/produit\/pommade-awatoza-push-up-3-pots\/#primaryimage","url":"https:\/\/1-plus.fr\/awatoz\/wp-content\/uploads\/2025\/04\/13-1pommade-awatoza-push-up-3-pots.jpg","contentUrl":"https:\/\/1-plus.fr\/awatoz\/wp-content\/uploads\/2025\/04\/13-1pommade-awatoza-push-up-3-pots.jpg","width":800,"height":800},{"@type":"BreadcrumbList","@id":"https:\/\/1-plus.fr\/awatoz\/produit\/pommade-awatoza-push-up-3-pots\/#breadcrumb","itemListElement":[{"@type":"ListItem","position":1,"name":"Accueil","item":"https:\/\/1-plus.fr\/awatoz\/"},{"@type":"ListItem","position":2,"name":"Boutique","item":"https:\/\/1-plus.fr\/awatoz\/boutique\/"},{"@type":"ListItem","position":3,"name":"Pommade AWATOZA PUSH UP 3 pots"}]},{"@type":"WebSite","@id":"https:\/\/1-plus.fr\/awatoz\/#website","url":"https:\/\/1-plus.fr\/awatoz\/","name":"AWATOZA 1-PLUS","description":"Le seul et unique cr\u00e9ateur de la marque AWATOZA","publisher":{"@id":"https:\/\/1-plus.fr\/awatoz\/#organization"},"potentialAction":[{"@type":"SearchAction","target":{"@type":"EntryPoint","urlTemplate":"https:\/\/1-plus.fr\/awatoz\/?s={search_term_string}"},"query-input":{"@type":"PropertyValueSpecification","valueRequired":true,"valueName":"search_term_string"}}],"inLanguage":"fr-FR"},{"@type":"Organization","@id":"https:\/\/1-plus.fr\/awatoz\/#organization","name":"AWATOZA 1-PLUS","url":"https:\/\/1-plus.fr\/awatoz\/","logo":{"@type":"ImageObject","inLanguage":"fr-FR","@id":"https:\/\/1-plus.fr\/awatoz\/#\/schema\/logo\/image\/","url":"https:\/\/1-plus.fr\/awatoz\/wp-content\/uploads\/2026\/01\/telechargement.jpg","contentUrl":"https:\/\/1-plus.fr\/awatoz\/wp-content\/uploads\/2026\/01\/telechargement.jpg","width":222,"height":227,"caption":"AWATOZA 1-PLUS"},"image":{"@id":"https:\/\/1-plus.fr\/awatoz\/#\/schema\/logo\/image\/"}}]}},"amp_enabled":true,"_links":{"self":[{"href":"https:\/\/1-plus.fr\/awatoz\/wp-json\/wp\/v2\/product\/213","targetHints":{"allow":["GET"]}}],"collection":[{"href":"https:\/\/1-plus.fr\/awatoz\/wp-json\/wp\/v2\/product"}],"about":[{"href":"https:\/\/1-plus.fr\/awatoz\/wp-json\/wp\/v2\/types\/product"}],"replies":[{"embeddable":true,"href":"https:\/\/1-plus.fr\/awatoz\/wp-json\/wp\/v2\/comments?post=213"}],"wp:featuredmedia":[{"embeddable":true,"href":"https:\/\/1-plus.fr\/awatoz\/wp-json\/wp\/v2\/media\/214"}],"wp:attachment":[{"href":"https:\/\/1-plus.fr\/awatoz\/wp-json\/wp\/v2\/media?parent=213"}],"wp:term":[{"taxonomy":"product_brand","embeddable":true,"href":"https:\/\/1-plus.fr\/awatoz\/wp-json\/wp\/v2\/product_brand?post=213"},{"taxonomy":"product_cat","embeddable":true,"href":"https:\/\/1-plus.fr\/awatoz\/wp-json\/wp\/v2\/product_cat?post=213"},{"taxonomy":"product_tag","embeddable":true,"href":"https:\/\/1-plus.fr\/awatoz\/wp-json\/wp\/v2\/product_tag?post=213"}],"curies":[{"name":"wp","href":"https:\/\/api.w.org\/{rel}","templated":true}]}}