{"id":216,"date":"2025-04-28T14:48:55","date_gmt":"2025-04-28T12:48:55","guid":{"rendered":"https:\/\/1-plus.fr\/awatoz\/?post_type=product&#038;p=216"},"modified":"2026-04-16T14:44:04","modified_gmt":"2026-04-16T12:44:04","slug":"creme-awatoza-gel-de-bave-descarot","status":"publish","type":"product","link":"https:\/\/1-plus.fr\/awatoz\/produit\/creme-awatoza-gel-de-bave-descarot\/","title":{"rendered":"CREME AWATOZA GEL DE BAVE D&rsquo;ESCAROT"},"content":{"rendered":"<p>CREME AWATOZA GEL DE BAVE D&rsquo;ESCAROT.<\/p>\n<p>Ce Gel de soin pour la peau contient un extrait de bave d&rsquo;escargot r\u00e9parateur et enrichit \u00e0 l&rsquo;Alo\u00e8s &#8211; Vera.<\/p>\n<p>Les ingr\u00e9dients de ce gel renforcent le pourvoir r\u00e9parateur de la peau.<\/p>\n<p>Hydratant &#8211; Test\u00e9 dermatologiquement<\/p>\n<p>Mode d&#8217;emploi : appliquer 2 Fois par jour.<\/p>\n<p>Docta Djaffar Awatoza<\/p>\n","protected":false},"excerpt":{"rendered":"<p>CREME AWATOZA GEL DE BAVE D&rsquo;ESCAROT. Ce Gel de soin pour la peau contient un extrait de bave d&rsquo;escargot r\u00e9parateur et enrichit \u00e0 l&rsquo;Alo\u00e8s &#8211; Vera. Les ingr\u00e9dients de ce gel renforcent le pourvoir r\u00e9parateur de la peau. Hydratant &#8211; Test\u00e9 dermatologiquement Mode d&#8217;emploi : appliquer 2 Fois par jour. Docta Djaffar Awatoza<\/p>\n","protected":false},"featured_media":217,"comment_status":"open","ping_status":"closed","template":"","meta":[],"product_brand":[16],"product_cat":[17,19],"product_tag":[31],"class_list":{"0":"post-216","1":"product","2":"type-product","3":"status-publish","4":"has-post-thumbnail","6":"product_brand-awatoza","7":"product_cat-beaute-et-forme","8":"product_cat-soins-visage","9":"product_tag-creme-awatoza-gel-de-bave-descarot","11":"first","12":"instock","13":"shipping-taxable","14":"purchasable","15":"product-type-simple"},"yoast_head":"<!-- This site is optimized with the Yoast SEO plugin v27.4 - https:\/\/yoast.com\/product\/yoast-seo-wordpress\/ -->\n<title>CREME AWATOZA GEL DE BAVE D&#039;ESCAROT - AWATOZA 1-PLUS<\/title>\n<meta name=\"description\" content=\"Achetez CREME AWATOZA GEL DE BAVE D&#039;ESCAROT sur AWATOZA 1-PLUS. D\u00e9couvrez toutes nos offres et promotions dans la cat\u00e9gorie .\" \/>\n<meta name=\"robots\" content=\"index, follow, max-snippet:-1, max-image-preview:large, max-video-preview:-1\" \/>\n<link rel=\"canonical\" href=\"https:\/\/1-plus.fr\/awatoz\/produit\/creme-awatoza-gel-de-bave-descarot\/\" \/>\n<meta property=\"og:locale\" content=\"fr_FR\" \/>\n<meta property=\"og:type\" content=\"article\" \/>\n<meta property=\"og:title\" content=\"CREME AWATOZA GEL DE BAVE D&#039;ESCAROT - AWATOZA 1-PLUS\" \/>\n<meta property=\"og:description\" content=\"Achetez CREME AWATOZA GEL DE BAVE D&#039;ESCAROT sur AWATOZA 1-PLUS. D\u00e9couvrez toutes nos offres et promotions dans la cat\u00e9gorie .\" \/>\n<meta property=\"og:url\" content=\"https:\/\/1-plus.fr\/awatoz\/produit\/creme-awatoza-gel-de-bave-descarot\/\" \/>\n<meta property=\"og:site_name\" content=\"AWATOZA 1-PLUS\" \/>\n<meta property=\"article:modified_time\" content=\"2026-04-16T12:44:04+00:00\" \/>\n<meta property=\"og:image\" content=\"https:\/\/1-plus.fr\/awatoz\/wp-content\/uploads\/2025\/04\/gel-escargot-awatoza-1.png\" \/>\n\t<meta property=\"og:image:width\" content=\"600\" \/>\n\t<meta property=\"og:image:height\" content=\"500\" \/>\n\t<meta property=\"og:image:type\" content=\"image\/png\" \/>\n<meta name=\"twitter:card\" content=\"summary_large_image\" \/>\n<script type=\"application\/ld+json\" class=\"yoast-schema-graph\">{\"@context\":\"https:\\\/\\\/schema.org\",\"@graph\":[{\"@type\":\"WebPage\",\"@id\":\"https:\\\/\\\/1-plus.fr\\\/awatoz\\\/produit\\\/creme-awatoza-gel-de-bave-descarot\\\/\",\"url\":\"https:\\\/\\\/1-plus.fr\\\/awatoz\\\/produit\\\/creme-awatoza-gel-de-bave-descarot\\\/\",\"name\":\"CREME AWATOZA GEL DE BAVE D'ESCAROT - AWATOZA 1-PLUS\",\"isPartOf\":{\"@id\":\"https:\\\/\\\/1-plus.fr\\\/awatoz\\\/#website\"},\"primaryImageOfPage\":{\"@id\":\"https:\\\/\\\/1-plus.fr\\\/awatoz\\\/produit\\\/creme-awatoza-gel-de-bave-descarot\\\/#primaryimage\"},\"image\":{\"@id\":\"https:\\\/\\\/1-plus.fr\\\/awatoz\\\/produit\\\/creme-awatoza-gel-de-bave-descarot\\\/#primaryimage\"},\"thumbnailUrl\":\"https:\\\/\\\/1-plus.fr\\\/awatoz\\\/wp-content\\\/uploads\\\/2025\\\/04\\\/gel-escargot-awatoza-1.png\",\"datePublished\":\"2025-04-28T12:48:55+00:00\",\"dateModified\":\"2026-04-16T12:44:04+00:00\",\"description\":\"Achetez CREME AWATOZA GEL DE BAVE D'ESCAROT sur AWATOZA 1-PLUS. D\u00e9couvrez toutes nos offres et promotions dans la cat\u00e9gorie .\",\"breadcrumb\":{\"@id\":\"https:\\\/\\\/1-plus.fr\\\/awatoz\\\/produit\\\/creme-awatoza-gel-de-bave-descarot\\\/#breadcrumb\"},\"inLanguage\":\"fr-FR\",\"potentialAction\":[{\"@type\":\"ReadAction\",\"target\":[\"https:\\\/\\\/1-plus.fr\\\/awatoz\\\/produit\\\/creme-awatoza-gel-de-bave-descarot\\\/\"]}]},{\"@type\":\"ImageObject\",\"inLanguage\":\"fr-FR\",\"@id\":\"https:\\\/\\\/1-plus.fr\\\/awatoz\\\/produit\\\/creme-awatoza-gel-de-bave-descarot\\\/#primaryimage\",\"url\":\"https:\\\/\\\/1-plus.fr\\\/awatoz\\\/wp-content\\\/uploads\\\/2025\\\/04\\\/gel-escargot-awatoza-1.png\",\"contentUrl\":\"https:\\\/\\\/1-plus.fr\\\/awatoz\\\/wp-content\\\/uploads\\\/2025\\\/04\\\/gel-escargot-awatoza-1.png\",\"width\":600,\"height\":500},{\"@type\":\"BreadcrumbList\",\"@id\":\"https:\\\/\\\/1-plus.fr\\\/awatoz\\\/produit\\\/creme-awatoza-gel-de-bave-descarot\\\/#breadcrumb\",\"itemListElement\":[{\"@type\":\"ListItem\",\"position\":1,\"name\":\"Accueil\",\"item\":\"https:\\\/\\\/1-plus.fr\\\/awatoz\\\/\"},{\"@type\":\"ListItem\",\"position\":2,\"name\":\"Boutique\",\"item\":\"https:\\\/\\\/1-plus.fr\\\/awatoz\\\/boutique\\\/\"},{\"@type\":\"ListItem\",\"position\":3,\"name\":\"CREME AWATOZA GEL DE BAVE D&rsquo;ESCAROT\"}]},{\"@type\":\"WebSite\",\"@id\":\"https:\\\/\\\/1-plus.fr\\\/awatoz\\\/#website\",\"url\":\"https:\\\/\\\/1-plus.fr\\\/awatoz\\\/\",\"name\":\"AWATOZA 1-PLUS\",\"description\":\"Le seul et unique cr\u00e9ateur de la marque AWATOZA\",\"publisher\":{\"@id\":\"https:\\\/\\\/1-plus.fr\\\/awatoz\\\/#organization\"},\"potentialAction\":[{\"@type\":\"SearchAction\",\"target\":{\"@type\":\"EntryPoint\",\"urlTemplate\":\"https:\\\/\\\/1-plus.fr\\\/awatoz\\\/?s={search_term_string}\"},\"query-input\":{\"@type\":\"PropertyValueSpecification\",\"valueRequired\":true,\"valueName\":\"search_term_string\"}}],\"inLanguage\":\"fr-FR\"},{\"@type\":\"Organization\",\"@id\":\"https:\\\/\\\/1-plus.fr\\\/awatoz\\\/#organization\",\"name\":\"AWATOZA 1-PLUS\",\"url\":\"https:\\\/\\\/1-plus.fr\\\/awatoz\\\/\",\"logo\":{\"@type\":\"ImageObject\",\"inLanguage\":\"fr-FR\",\"@id\":\"https:\\\/\\\/1-plus.fr\\\/awatoz\\\/#\\\/schema\\\/logo\\\/image\\\/\",\"url\":\"https:\\\/\\\/1-plus.fr\\\/awatoz\\\/wp-content\\\/uploads\\\/2026\\\/01\\\/telechargement.jpg\",\"contentUrl\":\"https:\\\/\\\/1-plus.fr\\\/awatoz\\\/wp-content\\\/uploads\\\/2026\\\/01\\\/telechargement.jpg\",\"width\":222,\"height\":227,\"caption\":\"AWATOZA 1-PLUS\"},\"image\":{\"@id\":\"https:\\\/\\\/1-plus.fr\\\/awatoz\\\/#\\\/schema\\\/logo\\\/image\\\/\"}}]}<\/script>\n<!-- \/ Yoast SEO plugin. -->","yoast_head_json":{"title":"CREME AWATOZA GEL DE BAVE D'ESCAROT - AWATOZA 1-PLUS","description":"Achetez CREME AWATOZA GEL DE BAVE D'ESCAROT sur AWATOZA 1-PLUS. D\u00e9couvrez toutes nos offres et promotions dans la cat\u00e9gorie .","robots":{"index":"index","follow":"follow","max-snippet":"max-snippet:-1","max-image-preview":"max-image-preview:large","max-video-preview":"max-video-preview:-1"},"canonical":"https:\/\/1-plus.fr\/awatoz\/produit\/creme-awatoza-gel-de-bave-descarot\/","og_locale":"fr_FR","og_type":"article","og_title":"CREME AWATOZA GEL DE BAVE D'ESCAROT - AWATOZA 1-PLUS","og_description":"Achetez CREME AWATOZA GEL DE BAVE D'ESCAROT sur AWATOZA 1-PLUS. D\u00e9couvrez toutes nos offres et promotions dans la cat\u00e9gorie .","og_url":"https:\/\/1-plus.fr\/awatoz\/produit\/creme-awatoza-gel-de-bave-descarot\/","og_site_name":"AWATOZA 1-PLUS","article_modified_time":"2026-04-16T12:44:04+00:00","og_image":[{"width":600,"height":500,"url":"https:\/\/1-plus.fr\/awatoz\/wp-content\/uploads\/2025\/04\/gel-escargot-awatoza-1.png","type":"image\/png"}],"twitter_card":"summary_large_image","schema":{"@context":"https:\/\/schema.org","@graph":[{"@type":"WebPage","@id":"https:\/\/1-plus.fr\/awatoz\/produit\/creme-awatoza-gel-de-bave-descarot\/","url":"https:\/\/1-plus.fr\/awatoz\/produit\/creme-awatoza-gel-de-bave-descarot\/","name":"CREME AWATOZA GEL DE BAVE D'ESCAROT - AWATOZA 1-PLUS","isPartOf":{"@id":"https:\/\/1-plus.fr\/awatoz\/#website"},"primaryImageOfPage":{"@id":"https:\/\/1-plus.fr\/awatoz\/produit\/creme-awatoza-gel-de-bave-descarot\/#primaryimage"},"image":{"@id":"https:\/\/1-plus.fr\/awatoz\/produit\/creme-awatoza-gel-de-bave-descarot\/#primaryimage"},"thumbnailUrl":"https:\/\/1-plus.fr\/awatoz\/wp-content\/uploads\/2025\/04\/gel-escargot-awatoza-1.png","datePublished":"2025-04-28T12:48:55+00:00","dateModified":"2026-04-16T12:44:04+00:00","description":"Achetez CREME AWATOZA GEL DE BAVE D'ESCAROT sur AWATOZA 1-PLUS. D\u00e9couvrez toutes nos offres et promotions dans la cat\u00e9gorie .","breadcrumb":{"@id":"https:\/\/1-plus.fr\/awatoz\/produit\/creme-awatoza-gel-de-bave-descarot\/#breadcrumb"},"inLanguage":"fr-FR","potentialAction":[{"@type":"ReadAction","target":["https:\/\/1-plus.fr\/awatoz\/produit\/creme-awatoza-gel-de-bave-descarot\/"]}]},{"@type":"ImageObject","inLanguage":"fr-FR","@id":"https:\/\/1-plus.fr\/awatoz\/produit\/creme-awatoza-gel-de-bave-descarot\/#primaryimage","url":"https:\/\/1-plus.fr\/awatoz\/wp-content\/uploads\/2025\/04\/gel-escargot-awatoza-1.png","contentUrl":"https:\/\/1-plus.fr\/awatoz\/wp-content\/uploads\/2025\/04\/gel-escargot-awatoza-1.png","width":600,"height":500},{"@type":"BreadcrumbList","@id":"https:\/\/1-plus.fr\/awatoz\/produit\/creme-awatoza-gel-de-bave-descarot\/#breadcrumb","itemListElement":[{"@type":"ListItem","position":1,"name":"Accueil","item":"https:\/\/1-plus.fr\/awatoz\/"},{"@type":"ListItem","position":2,"name":"Boutique","item":"https:\/\/1-plus.fr\/awatoz\/boutique\/"},{"@type":"ListItem","position":3,"name":"CREME AWATOZA GEL DE BAVE D&rsquo;ESCAROT"}]},{"@type":"WebSite","@id":"https:\/\/1-plus.fr\/awatoz\/#website","url":"https:\/\/1-plus.fr\/awatoz\/","name":"AWATOZA 1-PLUS","description":"Le seul et unique cr\u00e9ateur de la marque AWATOZA","publisher":{"@id":"https:\/\/1-plus.fr\/awatoz\/#organization"},"potentialAction":[{"@type":"SearchAction","target":{"@type":"EntryPoint","urlTemplate":"https:\/\/1-plus.fr\/awatoz\/?s={search_term_string}"},"query-input":{"@type":"PropertyValueSpecification","valueRequired":true,"valueName":"search_term_string"}}],"inLanguage":"fr-FR"},{"@type":"Organization","@id":"https:\/\/1-plus.fr\/awatoz\/#organization","name":"AWATOZA 1-PLUS","url":"https:\/\/1-plus.fr\/awatoz\/","logo":{"@type":"ImageObject","inLanguage":"fr-FR","@id":"https:\/\/1-plus.fr\/awatoz\/#\/schema\/logo\/image\/","url":"https:\/\/1-plus.fr\/awatoz\/wp-content\/uploads\/2026\/01\/telechargement.jpg","contentUrl":"https:\/\/1-plus.fr\/awatoz\/wp-content\/uploads\/2026\/01\/telechargement.jpg","width":222,"height":227,"caption":"AWATOZA 1-PLUS"},"image":{"@id":"https:\/\/1-plus.fr\/awatoz\/#\/schema\/logo\/image\/"}}]}},"amp_enabled":true,"_links":{"self":[{"href":"https:\/\/1-plus.fr\/awatoz\/wp-json\/wp\/v2\/product\/216","targetHints":{"allow":["GET"]}}],"collection":[{"href":"https:\/\/1-plus.fr\/awatoz\/wp-json\/wp\/v2\/product"}],"about":[{"href":"https:\/\/1-plus.fr\/awatoz\/wp-json\/wp\/v2\/types\/product"}],"replies":[{"embeddable":true,"href":"https:\/\/1-plus.fr\/awatoz\/wp-json\/wp\/v2\/comments?post=216"}],"wp:featuredmedia":[{"embeddable":true,"href":"https:\/\/1-plus.fr\/awatoz\/wp-json\/wp\/v2\/media\/217"}],"wp:attachment":[{"href":"https:\/\/1-plus.fr\/awatoz\/wp-json\/wp\/v2\/media?parent=216"}],"wp:term":[{"taxonomy":"product_brand","embeddable":true,"href":"https:\/\/1-plus.fr\/awatoz\/wp-json\/wp\/v2\/product_brand?post=216"},{"taxonomy":"product_cat","embeddable":true,"href":"https:\/\/1-plus.fr\/awatoz\/wp-json\/wp\/v2\/product_cat?post=216"},{"taxonomy":"product_tag","embeddable":true,"href":"https:\/\/1-plus.fr\/awatoz\/wp-json\/wp\/v2\/product_tag?post=216"}],"curies":[{"name":"wp","href":"https:\/\/api.w.org\/{rel}","templated":true}]}}