{"id":218,"date":"2025-04-28T14:50:58","date_gmt":"2025-04-28T12:50:58","guid":{"rendered":"https:\/\/1-plus.fr\/awatoz\/?post_type=product&#038;p=218"},"modified":"2026-04-16T01:28:52","modified_gmt":"2026-04-15T23:28:52","slug":"pommade-awatoza-push-up","status":"publish","type":"product","link":"https:\/\/1-plus.fr\/awatoz\/produit\/pommade-awatoza-push-up\/","title":{"rendered":"Pommade AWATOZA  PUSH UP"},"content":{"rendered":"<p><img fetchpriority=\"high\" decoding=\"async\" class=\"size-medium wp-image-225 alignright\" src=\"https:\/\/1-plus.fr\/awatoz\/wp-content\/uploads\/2025\/04\/POMMADE-PUSH-UP-AWATOZA-intierieur-300x297.png\" alt=\"\" width=\"300\" height=\"297\" srcset=\"https:\/\/1-plus.fr\/awatoz\/wp-content\/uploads\/2025\/04\/POMMADE-PUSH-UP-AWATOZA-intierieur-300x297.png 300w, https:\/\/1-plus.fr\/awatoz\/wp-content\/uploads\/2025\/04\/POMMADE-PUSH-UP-AWATOZA-intierieur-150x150.png 150w, https:\/\/1-plus.fr\/awatoz\/wp-content\/uploads\/2025\/04\/POMMADE-PUSH-UP-AWATOZA-intierieur-100x100.png 100w, https:\/\/1-plus.fr\/awatoz\/wp-content\/uploads\/2025\/04\/POMMADE-PUSH-UP-AWATOZA-intierieur.png 357w\" sizes=\"(max-width: 300px) 100vw, 300px\" \/>POMMADE AWATOZA PUSH UP<\/p>\n<p>Pommade AWATOZA\u00a0 PUSH UP\u00a0 traitement complet.<\/p>\n<p>La pommade AWATOZA PUSH UP fait grossir les fesses et les seins gr\u00e2ce \u00e0 son efficacit\u00e9 100% Naturelle. Faire des massages quotidiens, matin et soir apr\u00e8s le bain 2 \u00e0 5 minutes de massage jusqu&rsquo;\u00e0 ce que la pommade disparaisse totalement sur les parties souhaiter.<\/p>\n<p>La pommade est sans effets ind\u00e9sirables.<\/p>\n<p>Test\u00e9 dermatologiquement.<\/p>\n<p>DoctaDjaffarAwatoza.<\/p>\n","protected":false},"excerpt":{"rendered":"[video width=\"640\" height=\"360\" mp4=\"https:\/\/1-plus.fr\/awatoz\/wp-content\/uploads\/2025\/04\/VIDEO-2025-04-18-00-20-39-1.mp4\"][\/video]\n","protected":false},"featured_media":219,"comment_status":"open","ping_status":"closed","template":"","meta":[],"product_brand":[16],"product_cat":[17,20],"product_tag":[30],"class_list":{"0":"post-218","1":"product","2":"type-product","3":"status-publish","4":"has-post-thumbnail","6":"product_brand-awatoza","7":"product_cat-beaute-et-forme","8":"product_cat-soins-corp","9":"product_tag-pommade-awatoza-push-up","11":"first","12":"instock","13":"shipping-taxable","14":"purchasable","15":"product-type-simple"},"yoast_head":"<!-- This site is optimized with the Yoast SEO plugin v27.4 - https:\/\/yoast.com\/product\/yoast-seo-wordpress\/ -->\n<title>Pommade AWATOZA PUSH UP - AWATOZA 1-PLUS<\/title>\n<meta name=\"description\" content=\"Achetez Pommade AWATOZA PUSH UP sur AWATOZA 1-PLUS. D\u00e9couvrez toutes nos offres et promotions dans la cat\u00e9gorie .\" \/>\n<meta name=\"robots\" content=\"index, follow, max-snippet:-1, max-image-preview:large, max-video-preview:-1\" \/>\n<link rel=\"canonical\" href=\"https:\/\/1-plus.fr\/awatoz\/produit\/pommade-awatoza-push-up\/\" \/>\n<meta property=\"og:locale\" content=\"fr_FR\" \/>\n<meta property=\"og:type\" content=\"article\" \/>\n<meta property=\"og:title\" content=\"Pommade AWATOZA PUSH UP - AWATOZA 1-PLUS\" \/>\n<meta property=\"og:description\" content=\"Achetez Pommade AWATOZA PUSH UP sur AWATOZA 1-PLUS. D\u00e9couvrez toutes nos offres et promotions dans la cat\u00e9gorie .\" \/>\n<meta property=\"og:url\" content=\"https:\/\/1-plus.fr\/awatoz\/produit\/pommade-awatoza-push-up\/\" \/>\n<meta property=\"og:site_name\" content=\"AWATOZA 1-PLUS\" \/>\n<meta property=\"article:modified_time\" content=\"2026-04-15T23:28:52+00:00\" \/>\n<meta property=\"og:image\" content=\"https:\/\/1-plus.fr\/awatoz\/wp-content\/uploads\/2025\/04\/cat-beaute-form-awatoza-2.png\" \/>\n\t<meta property=\"og:image:width\" content=\"466\" \/>\n\t<meta property=\"og:image:height\" content=\"470\" \/>\n\t<meta property=\"og:image:type\" content=\"image\/png\" \/>\n<meta name=\"twitter:card\" content=\"summary_large_image\" \/>\n<script type=\"application\/ld+json\" class=\"yoast-schema-graph\">{\"@context\":\"https:\\\/\\\/schema.org\",\"@graph\":[{\"@type\":\"WebPage\",\"@id\":\"https:\\\/\\\/1-plus.fr\\\/awatoz\\\/produit\\\/pommade-awatoza-push-up\\\/\",\"url\":\"https:\\\/\\\/1-plus.fr\\\/awatoz\\\/produit\\\/pommade-awatoza-push-up\\\/\",\"name\":\"Pommade AWATOZA PUSH UP - AWATOZA 1-PLUS\",\"isPartOf\":{\"@id\":\"https:\\\/\\\/1-plus.fr\\\/awatoz\\\/#website\"},\"primaryImageOfPage\":{\"@id\":\"https:\\\/\\\/1-plus.fr\\\/awatoz\\\/produit\\\/pommade-awatoza-push-up\\\/#primaryimage\"},\"image\":{\"@id\":\"https:\\\/\\\/1-plus.fr\\\/awatoz\\\/produit\\\/pommade-awatoza-push-up\\\/#primaryimage\"},\"thumbnailUrl\":\"https:\\\/\\\/1-plus.fr\\\/awatoz\\\/wp-content\\\/uploads\\\/2025\\\/04\\\/cat-beaute-form-awatoza-2.png\",\"datePublished\":\"2025-04-28T12:50:58+00:00\",\"dateModified\":\"2026-04-15T23:28:52+00:00\",\"description\":\"Achetez Pommade AWATOZA PUSH UP sur AWATOZA 1-PLUS. D\u00e9couvrez toutes nos offres et promotions dans la cat\u00e9gorie .\",\"breadcrumb\":{\"@id\":\"https:\\\/\\\/1-plus.fr\\\/awatoz\\\/produit\\\/pommade-awatoza-push-up\\\/#breadcrumb\"},\"inLanguage\":\"fr-FR\",\"potentialAction\":[{\"@type\":\"ReadAction\",\"target\":[\"https:\\\/\\\/1-plus.fr\\\/awatoz\\\/produit\\\/pommade-awatoza-push-up\\\/\"]}]},{\"@type\":\"ImageObject\",\"inLanguage\":\"fr-FR\",\"@id\":\"https:\\\/\\\/1-plus.fr\\\/awatoz\\\/produit\\\/pommade-awatoza-push-up\\\/#primaryimage\",\"url\":\"https:\\\/\\\/1-plus.fr\\\/awatoz\\\/wp-content\\\/uploads\\\/2025\\\/04\\\/cat-beaute-form-awatoza-2.png\",\"contentUrl\":\"https:\\\/\\\/1-plus.fr\\\/awatoz\\\/wp-content\\\/uploads\\\/2025\\\/04\\\/cat-beaute-form-awatoza-2.png\",\"width\":466,\"height\":470},{\"@type\":\"BreadcrumbList\",\"@id\":\"https:\\\/\\\/1-plus.fr\\\/awatoz\\\/produit\\\/pommade-awatoza-push-up\\\/#breadcrumb\",\"itemListElement\":[{\"@type\":\"ListItem\",\"position\":1,\"name\":\"Accueil\",\"item\":\"https:\\\/\\\/1-plus.fr\\\/awatoz\\\/\"},{\"@type\":\"ListItem\",\"position\":2,\"name\":\"Boutique\",\"item\":\"https:\\\/\\\/1-plus.fr\\\/awatoz\\\/boutique\\\/\"},{\"@type\":\"ListItem\",\"position\":3,\"name\":\"Pommade AWATOZA PUSH UP\"}]},{\"@type\":\"WebSite\",\"@id\":\"https:\\\/\\\/1-plus.fr\\\/awatoz\\\/#website\",\"url\":\"https:\\\/\\\/1-plus.fr\\\/awatoz\\\/\",\"name\":\"AWATOZA 1-PLUS\",\"description\":\"Le seul et unique cr\u00e9ateur de la marque AWATOZA\",\"publisher\":{\"@id\":\"https:\\\/\\\/1-plus.fr\\\/awatoz\\\/#organization\"},\"potentialAction\":[{\"@type\":\"SearchAction\",\"target\":{\"@type\":\"EntryPoint\",\"urlTemplate\":\"https:\\\/\\\/1-plus.fr\\\/awatoz\\\/?s={search_term_string}\"},\"query-input\":{\"@type\":\"PropertyValueSpecification\",\"valueRequired\":true,\"valueName\":\"search_term_string\"}}],\"inLanguage\":\"fr-FR\"},{\"@type\":\"Organization\",\"@id\":\"https:\\\/\\\/1-plus.fr\\\/awatoz\\\/#organization\",\"name\":\"AWATOZA 1-PLUS\",\"url\":\"https:\\\/\\\/1-plus.fr\\\/awatoz\\\/\",\"logo\":{\"@type\":\"ImageObject\",\"inLanguage\":\"fr-FR\",\"@id\":\"https:\\\/\\\/1-plus.fr\\\/awatoz\\\/#\\\/schema\\\/logo\\\/image\\\/\",\"url\":\"https:\\\/\\\/1-plus.fr\\\/awatoz\\\/wp-content\\\/uploads\\\/2026\\\/01\\\/telechargement.jpg\",\"contentUrl\":\"https:\\\/\\\/1-plus.fr\\\/awatoz\\\/wp-content\\\/uploads\\\/2026\\\/01\\\/telechargement.jpg\",\"width\":222,\"height\":227,\"caption\":\"AWATOZA 1-PLUS\"},\"image\":{\"@id\":\"https:\\\/\\\/1-plus.fr\\\/awatoz\\\/#\\\/schema\\\/logo\\\/image\\\/\"}}]}<\/script>\n<!-- \/ Yoast SEO plugin. -->","yoast_head_json":{"title":"Pommade AWATOZA PUSH UP - AWATOZA 1-PLUS","description":"Achetez Pommade AWATOZA PUSH UP sur AWATOZA 1-PLUS. D\u00e9couvrez toutes nos offres et promotions dans la cat\u00e9gorie .","robots":{"index":"index","follow":"follow","max-snippet":"max-snippet:-1","max-image-preview":"max-image-preview:large","max-video-preview":"max-video-preview:-1"},"canonical":"https:\/\/1-plus.fr\/awatoz\/produit\/pommade-awatoza-push-up\/","og_locale":"fr_FR","og_type":"article","og_title":"Pommade AWATOZA PUSH UP - AWATOZA 1-PLUS","og_description":"Achetez Pommade AWATOZA PUSH UP sur AWATOZA 1-PLUS. D\u00e9couvrez toutes nos offres et promotions dans la cat\u00e9gorie .","og_url":"https:\/\/1-plus.fr\/awatoz\/produit\/pommade-awatoza-push-up\/","og_site_name":"AWATOZA 1-PLUS","article_modified_time":"2026-04-15T23:28:52+00:00","og_image":[{"width":466,"height":470,"url":"https:\/\/1-plus.fr\/awatoz\/wp-content\/uploads\/2025\/04\/cat-beaute-form-awatoza-2.png","type":"image\/png"}],"twitter_card":"summary_large_image","schema":{"@context":"https:\/\/schema.org","@graph":[{"@type":"WebPage","@id":"https:\/\/1-plus.fr\/awatoz\/produit\/pommade-awatoza-push-up\/","url":"https:\/\/1-plus.fr\/awatoz\/produit\/pommade-awatoza-push-up\/","name":"Pommade AWATOZA PUSH UP - AWATOZA 1-PLUS","isPartOf":{"@id":"https:\/\/1-plus.fr\/awatoz\/#website"},"primaryImageOfPage":{"@id":"https:\/\/1-plus.fr\/awatoz\/produit\/pommade-awatoza-push-up\/#primaryimage"},"image":{"@id":"https:\/\/1-plus.fr\/awatoz\/produit\/pommade-awatoza-push-up\/#primaryimage"},"thumbnailUrl":"https:\/\/1-plus.fr\/awatoz\/wp-content\/uploads\/2025\/04\/cat-beaute-form-awatoza-2.png","datePublished":"2025-04-28T12:50:58+00:00","dateModified":"2026-04-15T23:28:52+00:00","description":"Achetez Pommade AWATOZA PUSH UP sur AWATOZA 1-PLUS. D\u00e9couvrez toutes nos offres et promotions dans la cat\u00e9gorie .","breadcrumb":{"@id":"https:\/\/1-plus.fr\/awatoz\/produit\/pommade-awatoza-push-up\/#breadcrumb"},"inLanguage":"fr-FR","potentialAction":[{"@type":"ReadAction","target":["https:\/\/1-plus.fr\/awatoz\/produit\/pommade-awatoza-push-up\/"]}]},{"@type":"ImageObject","inLanguage":"fr-FR","@id":"https:\/\/1-plus.fr\/awatoz\/produit\/pommade-awatoza-push-up\/#primaryimage","url":"https:\/\/1-plus.fr\/awatoz\/wp-content\/uploads\/2025\/04\/cat-beaute-form-awatoza-2.png","contentUrl":"https:\/\/1-plus.fr\/awatoz\/wp-content\/uploads\/2025\/04\/cat-beaute-form-awatoza-2.png","width":466,"height":470},{"@type":"BreadcrumbList","@id":"https:\/\/1-plus.fr\/awatoz\/produit\/pommade-awatoza-push-up\/#breadcrumb","itemListElement":[{"@type":"ListItem","position":1,"name":"Accueil","item":"https:\/\/1-plus.fr\/awatoz\/"},{"@type":"ListItem","position":2,"name":"Boutique","item":"https:\/\/1-plus.fr\/awatoz\/boutique\/"},{"@type":"ListItem","position":3,"name":"Pommade AWATOZA PUSH UP"}]},{"@type":"WebSite","@id":"https:\/\/1-plus.fr\/awatoz\/#website","url":"https:\/\/1-plus.fr\/awatoz\/","name":"AWATOZA 1-PLUS","description":"Le seul et unique cr\u00e9ateur de la marque AWATOZA","publisher":{"@id":"https:\/\/1-plus.fr\/awatoz\/#organization"},"potentialAction":[{"@type":"SearchAction","target":{"@type":"EntryPoint","urlTemplate":"https:\/\/1-plus.fr\/awatoz\/?s={search_term_string}"},"query-input":{"@type":"PropertyValueSpecification","valueRequired":true,"valueName":"search_term_string"}}],"inLanguage":"fr-FR"},{"@type":"Organization","@id":"https:\/\/1-plus.fr\/awatoz\/#organization","name":"AWATOZA 1-PLUS","url":"https:\/\/1-plus.fr\/awatoz\/","logo":{"@type":"ImageObject","inLanguage":"fr-FR","@id":"https:\/\/1-plus.fr\/awatoz\/#\/schema\/logo\/image\/","url":"https:\/\/1-plus.fr\/awatoz\/wp-content\/uploads\/2026\/01\/telechargement.jpg","contentUrl":"https:\/\/1-plus.fr\/awatoz\/wp-content\/uploads\/2026\/01\/telechargement.jpg","width":222,"height":227,"caption":"AWATOZA 1-PLUS"},"image":{"@id":"https:\/\/1-plus.fr\/awatoz\/#\/schema\/logo\/image\/"}}]}},"amp_enabled":true,"_links":{"self":[{"href":"https:\/\/1-plus.fr\/awatoz\/wp-json\/wp\/v2\/product\/218","targetHints":{"allow":["GET"]}}],"collection":[{"href":"https:\/\/1-plus.fr\/awatoz\/wp-json\/wp\/v2\/product"}],"about":[{"href":"https:\/\/1-plus.fr\/awatoz\/wp-json\/wp\/v2\/types\/product"}],"replies":[{"embeddable":true,"href":"https:\/\/1-plus.fr\/awatoz\/wp-json\/wp\/v2\/comments?post=218"}],"wp:featuredmedia":[{"embeddable":true,"href":"https:\/\/1-plus.fr\/awatoz\/wp-json\/wp\/v2\/media\/219"}],"wp:attachment":[{"href":"https:\/\/1-plus.fr\/awatoz\/wp-json\/wp\/v2\/media?parent=218"}],"wp:term":[{"taxonomy":"product_brand","embeddable":true,"href":"https:\/\/1-plus.fr\/awatoz\/wp-json\/wp\/v2\/product_brand?post=218"},{"taxonomy":"product_cat","embeddable":true,"href":"https:\/\/1-plus.fr\/awatoz\/wp-json\/wp\/v2\/product_cat?post=218"},{"taxonomy":"product_tag","embeddable":true,"href":"https:\/\/1-plus.fr\/awatoz\/wp-json\/wp\/v2\/product_tag?post=218"}],"curies":[{"name":"wp","href":"https:\/\/api.w.org\/{rel}","templated":true}]}}