{"id":394,"date":"2025-11-28T09:59:48","date_gmt":"2025-11-28T08:59:48","guid":{"rendered":"https:\/\/1-plus.fr\/awatoz\/?post_type=product&#038;p=394"},"modified":"2026-04-19T01:35:16","modified_gmt":"2026-04-18T23:35:16","slug":"nouveau-creme-de-visage-anti-taches-boutons","status":"publish","type":"product","link":"https:\/\/1-plus.fr\/awatoz\/produit\/nouveau-creme-de-visage-anti-taches-boutons\/","title":{"rendered":"Nouveau cr\u00e8me de visage Anti &#8211; taches &#8211; boutons"},"content":{"rendered":"<article class=\"text-token-text-primary w-full focus:outline-none [--shadow-height:45px] has-data-writing-block:pointer-events-none has-data-writing-block:-mt-(--shadow-height) has-data-writing-block:pt-(--shadow-height) [&amp;:has([data-writing-block])&gt;*]:pointer-events-auto scroll-mt-[calc(var(--header-height)+min(200px,max(70px,20svh)))]\" dir=\"auto\" tabindex=\"-1\" data-turn-id=\"request-WEB:cb084859-2e3a-4543-b926-ac56dbeaf4ba-1\" data-testid=\"conversation-turn-4\" data-scroll-anchor=\"true\" data-turn=\"assistant\">\n<div class=\"text-base my-auto mx-auto pb-10 [--thread-content-margin:--spacing(4)] thread-sm:[--thread-content-margin:--spacing(6)] thread-lg:[--thread-content-margin:--spacing(16)] px-(--thread-content-margin)\">\n<div class=\"[--thread-content-max-width:40rem] thread-lg:[--thread-content-max-width:48rem] mx-auto max-w-(--thread-content-max-width) flex-1 group\/turn-messages focus-visible:outline-hidden relative flex w-full min-w-0 flex-col agent-turn\" tabindex=\"-1\">\n<div class=\"flex max-w-full flex-col grow\">\n<div class=\"min-h-8 text-message relative flex w-full flex-col items-end gap-2 text-start break-words whitespace-normal [.text-message+&amp;]:mt-1\" dir=\"auto\" data-message-author-role=\"assistant\" data-message-id=\"b58021ce-4d43-4b91-8b36-3fff748c3445\" data-message-model-slug=\"gpt-5-1\">\n<div class=\"flex w-full flex-col gap-1 empty:hidden first:pt-[1px]\">\n<div class=\"markdown prose dark:prose-invert w-full break-words dark markdown-new-styling\">\n<h3 data-start=\"746\" data-end=\"830\"><strong data-start=\"750\" data-end=\"830\">Cr\u00e8me Visage Clarifiante AWATOZA \u2013 Anti-taches, Anti-boutons, \u00c9claircissante<\/strong><\/h3>\n<figure id=\"attachment_398\" aria-describedby=\"caption-attachment-398\" style=\"width: 389px\" class=\"wp-caption alignright\"><a href=\"https:\/\/1-plus.fr\/awatoz\/wp-content\/uploads\/2025\/11\/creame-visage-awatoza.jpg\"><img fetchpriority=\"high\" decoding=\"async\" class=\"wp-image-398 size-full\" src=\"https:\/\/1-plus.fr\/awatoz\/wp-content\/uploads\/2025\/11\/creame-visage-awatoza.jpg\" alt=\"c\u00e9rame visage anti tache\" width=\"389\" height=\"383\" srcset=\"https:\/\/1-plus.fr\/awatoz\/wp-content\/uploads\/2025\/11\/creame-visage-awatoza.jpg 389w, https:\/\/1-plus.fr\/awatoz\/wp-content\/uploads\/2025\/11\/creame-visage-awatoza-300x295.jpg 300w\" sizes=\"(max-width: 389px) 100vw, 389px\" \/><\/a><figcaption id=\"caption-attachment-398\" class=\"wp-caption-text\">C\u00e9rame visage anti tache Awatoza<\/figcaption><\/figure>\n<p data-start=\"832\" data-end=\"1175\">La <strong data-start=\"835\" data-end=\"871\">Cr\u00e8me Visage Clarifiante AWATOZA<\/strong> est un soin complet id\u00e9al pour les peaux sujettes aux taches, imperfections, acn\u00e9 et teint terne. Formul\u00e9e \u00e0 base d\u2019ingr\u00e9dients <strong data-start=\"1000\" data-end=\"1012\">naturels<\/strong> et d\u2019actifs dermatologiques comme l\u2019<strong data-start=\"1049\" data-end=\"1070\">acide salicylique<\/strong> et l\u2019<strong data-start=\"1076\" data-end=\"1096\">acide glycolique<\/strong>, elle exfolie en douceur, r\u00e9duit les taches, lisse la peau et affine le grain.<\/p>\n<p data-start=\"1177\" data-end=\"1382\">Gr\u00e2ce \u00e0 ses extraits d\u2019oignon rouge, d\u2019oignon jaune et d\u2019ail, elle purifie la peau et favorise une r\u00e9g\u00e9n\u00e9ration rapide des cellules, tout en stimulant le <strong data-start=\"1331\" data-end=\"1344\">collag\u00e8ne<\/strong> pour un teint plus jeune et \u00e9clatant.<\/p>\n<p data-start=\"1384\" data-end=\"1511\"><strong data-start=\"1384\" data-end=\"1401\">Id\u00e9ale pour :<\/strong><br data-start=\"1401\" data-end=\"1404\" \/>\u2013 Taches pigmentaires<br data-start=\"1425\" data-end=\"1428\" \/>\u2013 Boutons &amp; acn\u00e9<br data-start=\"1444\" data-end=\"1447\" \/>\u2013 Teint irr\u00e9gulier<br data-start=\"1465\" data-end=\"1468\" \/>\u2013 Peaux ternes<br data-start=\"1482\" data-end=\"1485\" \/>\u2013 Imperfections diverses<\/p>\n<p data-start=\"1513\" data-end=\"1746\"><strong data-start=\"1513\" data-end=\"1533\">Avantages cl\u00e9s :<\/strong><br data-start=\"1533\" data-end=\"1536\" \/>\u2714 \u00c9claircit et unifie le teint<br data-start=\"1566\" data-end=\"1569\" \/>\u2714 R\u00e9duit taches et imperfections<br data-start=\"1601\" data-end=\"1604\" \/>\u2714 Purifie et resserre les pores<br data-start=\"1635\" data-end=\"1638\" \/>\u2714 Active le renouvellement du collag\u00e8ne<br data-start=\"1677\" data-end=\"1680\" \/>\u2714 Formule naturelle, douce et efficace<br data-start=\"1718\" data-end=\"1721\" \/>\u2714 Hydrate sans graisser<\/p>\n<p data-start=\"1748\" data-end=\"1834\"><strong data-start=\"1748\" data-end=\"1776\">Conseils d\u2019utilisation :<\/strong> appliquer 1 \u00e0 2 fois par jour sur peau propre et s\u00e8che.<\/p>\n<hr data-start=\"2469\" data-end=\"2472\" \/>\n<p data-start=\"2474\" data-end=\"2779\">Si tu veux, je peux aussi :<br data-start=\"2501\" data-end=\"2504\" \/>\u2728 cr\u00e9er un <strong data-start=\"2515\" data-end=\"2532\">titre produit<\/strong> accrocheur<br data-start=\"2543\" data-end=\"2546\" \/>\ud83d\udce6 r\u00e9diger la <strong data-start=\"2560\" data-end=\"2591\">description longue + courte<\/strong> suivant le format WooCommerce<br data-start=\"2621\" data-end=\"2624\" \/>\ud83d\udcdd ajouter les <strong data-start=\"2639\" data-end=\"2670\">caract\u00e9ristiques techniques<\/strong> (poids, contenance, usage, etc.)<br data-start=\"2703\" data-end=\"2706\" \/>\ud83c\udfaf optimiser ton texte pour un <strong data-start=\"2737\" data-end=\"2777\">r\u00e9f\u00e9rencement local (pays africains)<\/strong><\/p>\n<p data-start=\"2781\" data-end=\"2848\" data-is-last-node=\"\" data-is-only-node=\"\">Veux-tu une autre version ou que j\u2019adapte \u00e0 ton style de boutique ?<\/p>\n<\/div>\n<\/div>\n<\/div>\n<\/div>\n<div class=\"z-0 flex min-h-[46px] justify-start\"><\/div>\n<\/div>\n<\/div>\n<\/article>\n<div class=\"pointer-events-none h-px w-px\" aria-hidden=\"true\" data-edge=\"true\"><\/div>\n","protected":false},"excerpt":{"rendered":"<p>Cr\u00e8me Visage Clarifiante AWATOZA \u2013 Anti-taches, Anti-boutons, \u00c9claircissante La Cr\u00e8me Visage Clarifiante AWATOZA est un soin complet id\u00e9al pour les peaux sujettes aux taches, imperfections, acn\u00e9 et teint terne. Formul\u00e9e \u00e0 base d\u2019ingr\u00e9dients naturels et d\u2019actifs dermatologiques comme l\u2019acide salicylique et l\u2019acide glycolique, elle exfolie en douceur, r\u00e9duit les taches, lisse la peau et affine [&hellip;]<\/p>\n","protected":false},"featured_media":396,"comment_status":"open","ping_status":"closed","template":"","meta":[],"product_brand":[16],"product_cat":[19],"product_tag":[26],"class_list":{"0":"post-394","1":"product","2":"type-product","3":"status-publish","4":"has-post-thumbnail","6":"product_brand-awatoza","7":"product_cat-soins-visage","8":"product_tag-creme-de-visage-anti-taches-boutons","10":"first","11":"instock","12":"featured","13":"shipping-taxable","14":"purchasable","15":"product-type-simple"},"yoast_head":"<!-- This site is optimized with the Yoast SEO plugin v27.4 - https:\/\/yoast.com\/product\/yoast-seo-wordpress\/ -->\n<title>Nouveau cr\u00e8me de visage Anti - taches - boutons - AWATOZA 1-PLUS<\/title>\n<meta name=\"description\" content=\"Achetez Nouveau cr\u00e8me de visage Anti - taches - boutons sur AWATOZA 1-PLUS. D\u00e9couvrez toutes nos offres et promotions dans la cat\u00e9gorie .\" \/>\n<meta name=\"robots\" content=\"index, follow, max-snippet:-1, max-image-preview:large, max-video-preview:-1\" \/>\n<link rel=\"canonical\" href=\"https:\/\/1-plus.fr\/awatoz\/produit\/nouveau-creme-de-visage-anti-taches-boutons\/\" \/>\n<meta property=\"og:locale\" content=\"fr_FR\" \/>\n<meta property=\"og:type\" content=\"article\" \/>\n<meta property=\"og:title\" content=\"Nouveau cr\u00e8me de visage Anti - taches - boutons - AWATOZA 1-PLUS\" \/>\n<meta property=\"og:description\" content=\"Achetez Nouveau cr\u00e8me de visage Anti - taches - boutons sur AWATOZA 1-PLUS. D\u00e9couvrez toutes nos offres et promotions dans la cat\u00e9gorie .\" \/>\n<meta property=\"og:url\" content=\"https:\/\/1-plus.fr\/awatoz\/produit\/nouveau-creme-de-visage-anti-taches-boutons\/\" \/>\n<meta property=\"og:site_name\" content=\"AWATOZA 1-PLUS\" \/>\n<meta property=\"article:modified_time\" content=\"2026-04-18T23:35:16+00:00\" \/>\n<meta property=\"og:image\" content=\"https:\/\/1-plus.fr\/awatoz\/wp-content\/uploads\/2025\/11\/fini1-removebg-preview.png\" \/>\n\t<meta property=\"og:image:width\" content=\"433\" \/>\n\t<meta property=\"og:image:height\" content=\"577\" \/>\n\t<meta property=\"og:image:type\" content=\"image\/png\" \/>\n<meta name=\"twitter:card\" content=\"summary_large_image\" \/>\n<meta name=\"twitter:label1\" content=\"Dur\u00e9e de lecture estim\u00e9e\" \/>\n\t<meta name=\"twitter:data1\" content=\"1 minute\" \/>\n<script type=\"application\/ld+json\" class=\"yoast-schema-graph\">{\"@context\":\"https:\\\/\\\/schema.org\",\"@graph\":[{\"@type\":\"WebPage\",\"@id\":\"https:\\\/\\\/1-plus.fr\\\/awatoz\\\/produit\\\/nouveau-creme-de-visage-anti-taches-boutons\\\/\",\"url\":\"https:\\\/\\\/1-plus.fr\\\/awatoz\\\/produit\\\/nouveau-creme-de-visage-anti-taches-boutons\\\/\",\"name\":\"Nouveau cr\u00e8me de visage Anti - taches - boutons - AWATOZA 1-PLUS\",\"isPartOf\":{\"@id\":\"https:\\\/\\\/1-plus.fr\\\/awatoz\\\/#website\"},\"primaryImageOfPage\":{\"@id\":\"https:\\\/\\\/1-plus.fr\\\/awatoz\\\/produit\\\/nouveau-creme-de-visage-anti-taches-boutons\\\/#primaryimage\"},\"image\":{\"@id\":\"https:\\\/\\\/1-plus.fr\\\/awatoz\\\/produit\\\/nouveau-creme-de-visage-anti-taches-boutons\\\/#primaryimage\"},\"thumbnailUrl\":\"https:\\\/\\\/1-plus.fr\\\/awatoz\\\/wp-content\\\/uploads\\\/2025\\\/11\\\/fini1-removebg-preview.png\",\"datePublished\":\"2025-11-28T08:59:48+00:00\",\"dateModified\":\"2026-04-18T23:35:16+00:00\",\"description\":\"Achetez Nouveau cr\u00e8me de visage Anti - taches - boutons sur AWATOZA 1-PLUS. D\u00e9couvrez toutes nos offres et promotions dans la cat\u00e9gorie .\",\"breadcrumb\":{\"@id\":\"https:\\\/\\\/1-plus.fr\\\/awatoz\\\/produit\\\/nouveau-creme-de-visage-anti-taches-boutons\\\/#breadcrumb\"},\"inLanguage\":\"fr-FR\",\"potentialAction\":[{\"@type\":\"ReadAction\",\"target\":[\"https:\\\/\\\/1-plus.fr\\\/awatoz\\\/produit\\\/nouveau-creme-de-visage-anti-taches-boutons\\\/\"]}]},{\"@type\":\"ImageObject\",\"inLanguage\":\"fr-FR\",\"@id\":\"https:\\\/\\\/1-plus.fr\\\/awatoz\\\/produit\\\/nouveau-creme-de-visage-anti-taches-boutons\\\/#primaryimage\",\"url\":\"https:\\\/\\\/1-plus.fr\\\/awatoz\\\/wp-content\\\/uploads\\\/2025\\\/11\\\/fini1-removebg-preview.png\",\"contentUrl\":\"https:\\\/\\\/1-plus.fr\\\/awatoz\\\/wp-content\\\/uploads\\\/2025\\\/11\\\/fini1-removebg-preview.png\",\"width\":433,\"height\":577,\"caption\":\"C\u00e9rame anti tache AWATOZA\"},{\"@type\":\"BreadcrumbList\",\"@id\":\"https:\\\/\\\/1-plus.fr\\\/awatoz\\\/produit\\\/nouveau-creme-de-visage-anti-taches-boutons\\\/#breadcrumb\",\"itemListElement\":[{\"@type\":\"ListItem\",\"position\":1,\"name\":\"Accueil\",\"item\":\"https:\\\/\\\/1-plus.fr\\\/awatoz\\\/\"},{\"@type\":\"ListItem\",\"position\":2,\"name\":\"Boutique\",\"item\":\"https:\\\/\\\/1-plus.fr\\\/awatoz\\\/boutique\\\/\"},{\"@type\":\"ListItem\",\"position\":3,\"name\":\"Nouveau cr\u00e8me de visage Anti &#8211; taches &#8211; boutons\"}]},{\"@type\":\"WebSite\",\"@id\":\"https:\\\/\\\/1-plus.fr\\\/awatoz\\\/#website\",\"url\":\"https:\\\/\\\/1-plus.fr\\\/awatoz\\\/\",\"name\":\"AWATOZA 1-PLUS\",\"description\":\"Le seul et unique cr\u00e9ateur de la marque AWATOZA\",\"publisher\":{\"@id\":\"https:\\\/\\\/1-plus.fr\\\/awatoz\\\/#organization\"},\"potentialAction\":[{\"@type\":\"SearchAction\",\"target\":{\"@type\":\"EntryPoint\",\"urlTemplate\":\"https:\\\/\\\/1-plus.fr\\\/awatoz\\\/?s={search_term_string}\"},\"query-input\":{\"@type\":\"PropertyValueSpecification\",\"valueRequired\":true,\"valueName\":\"search_term_string\"}}],\"inLanguage\":\"fr-FR\"},{\"@type\":\"Organization\",\"@id\":\"https:\\\/\\\/1-plus.fr\\\/awatoz\\\/#organization\",\"name\":\"AWATOZA 1-PLUS\",\"url\":\"https:\\\/\\\/1-plus.fr\\\/awatoz\\\/\",\"logo\":{\"@type\":\"ImageObject\",\"inLanguage\":\"fr-FR\",\"@id\":\"https:\\\/\\\/1-plus.fr\\\/awatoz\\\/#\\\/schema\\\/logo\\\/image\\\/\",\"url\":\"https:\\\/\\\/1-plus.fr\\\/awatoz\\\/wp-content\\\/uploads\\\/2026\\\/01\\\/telechargement.jpg\",\"contentUrl\":\"https:\\\/\\\/1-plus.fr\\\/awatoz\\\/wp-content\\\/uploads\\\/2026\\\/01\\\/telechargement.jpg\",\"width\":222,\"height\":227,\"caption\":\"AWATOZA 1-PLUS\"},\"image\":{\"@id\":\"https:\\\/\\\/1-plus.fr\\\/awatoz\\\/#\\\/schema\\\/logo\\\/image\\\/\"}}]}<\/script>\n<!-- \/ Yoast SEO plugin. -->","yoast_head_json":{"title":"Nouveau cr\u00e8me de visage Anti - taches - boutons - AWATOZA 1-PLUS","description":"Achetez Nouveau cr\u00e8me de visage Anti - taches - boutons sur AWATOZA 1-PLUS. D\u00e9couvrez toutes nos offres et promotions dans la cat\u00e9gorie .","robots":{"index":"index","follow":"follow","max-snippet":"max-snippet:-1","max-image-preview":"max-image-preview:large","max-video-preview":"max-video-preview:-1"},"canonical":"https:\/\/1-plus.fr\/awatoz\/produit\/nouveau-creme-de-visage-anti-taches-boutons\/","og_locale":"fr_FR","og_type":"article","og_title":"Nouveau cr\u00e8me de visage Anti - taches - boutons - AWATOZA 1-PLUS","og_description":"Achetez Nouveau cr\u00e8me de visage Anti - taches - boutons sur AWATOZA 1-PLUS. D\u00e9couvrez toutes nos offres et promotions dans la cat\u00e9gorie .","og_url":"https:\/\/1-plus.fr\/awatoz\/produit\/nouveau-creme-de-visage-anti-taches-boutons\/","og_site_name":"AWATOZA 1-PLUS","article_modified_time":"2026-04-18T23:35:16+00:00","og_image":[{"width":433,"height":577,"url":"https:\/\/1-plus.fr\/awatoz\/wp-content\/uploads\/2025\/11\/fini1-removebg-preview.png","type":"image\/png"}],"twitter_card":"summary_large_image","twitter_misc":{"Dur\u00e9e de lecture estim\u00e9e":"1 minute"},"schema":{"@context":"https:\/\/schema.org","@graph":[{"@type":"WebPage","@id":"https:\/\/1-plus.fr\/awatoz\/produit\/nouveau-creme-de-visage-anti-taches-boutons\/","url":"https:\/\/1-plus.fr\/awatoz\/produit\/nouveau-creme-de-visage-anti-taches-boutons\/","name":"Nouveau cr\u00e8me de visage Anti - taches - boutons - AWATOZA 1-PLUS","isPartOf":{"@id":"https:\/\/1-plus.fr\/awatoz\/#website"},"primaryImageOfPage":{"@id":"https:\/\/1-plus.fr\/awatoz\/produit\/nouveau-creme-de-visage-anti-taches-boutons\/#primaryimage"},"image":{"@id":"https:\/\/1-plus.fr\/awatoz\/produit\/nouveau-creme-de-visage-anti-taches-boutons\/#primaryimage"},"thumbnailUrl":"https:\/\/1-plus.fr\/awatoz\/wp-content\/uploads\/2025\/11\/fini1-removebg-preview.png","datePublished":"2025-11-28T08:59:48+00:00","dateModified":"2026-04-18T23:35:16+00:00","description":"Achetez Nouveau cr\u00e8me de visage Anti - taches - boutons sur AWATOZA 1-PLUS. D\u00e9couvrez toutes nos offres et promotions dans la cat\u00e9gorie .","breadcrumb":{"@id":"https:\/\/1-plus.fr\/awatoz\/produit\/nouveau-creme-de-visage-anti-taches-boutons\/#breadcrumb"},"inLanguage":"fr-FR","potentialAction":[{"@type":"ReadAction","target":["https:\/\/1-plus.fr\/awatoz\/produit\/nouveau-creme-de-visage-anti-taches-boutons\/"]}]},{"@type":"ImageObject","inLanguage":"fr-FR","@id":"https:\/\/1-plus.fr\/awatoz\/produit\/nouveau-creme-de-visage-anti-taches-boutons\/#primaryimage","url":"https:\/\/1-plus.fr\/awatoz\/wp-content\/uploads\/2025\/11\/fini1-removebg-preview.png","contentUrl":"https:\/\/1-plus.fr\/awatoz\/wp-content\/uploads\/2025\/11\/fini1-removebg-preview.png","width":433,"height":577,"caption":"C\u00e9rame anti tache AWATOZA"},{"@type":"BreadcrumbList","@id":"https:\/\/1-plus.fr\/awatoz\/produit\/nouveau-creme-de-visage-anti-taches-boutons\/#breadcrumb","itemListElement":[{"@type":"ListItem","position":1,"name":"Accueil","item":"https:\/\/1-plus.fr\/awatoz\/"},{"@type":"ListItem","position":2,"name":"Boutique","item":"https:\/\/1-plus.fr\/awatoz\/boutique\/"},{"@type":"ListItem","position":3,"name":"Nouveau cr\u00e8me de visage Anti &#8211; taches &#8211; boutons"}]},{"@type":"WebSite","@id":"https:\/\/1-plus.fr\/awatoz\/#website","url":"https:\/\/1-plus.fr\/awatoz\/","name":"AWATOZA 1-PLUS","description":"Le seul et unique cr\u00e9ateur de la marque AWATOZA","publisher":{"@id":"https:\/\/1-plus.fr\/awatoz\/#organization"},"potentialAction":[{"@type":"SearchAction","target":{"@type":"EntryPoint","urlTemplate":"https:\/\/1-plus.fr\/awatoz\/?s={search_term_string}"},"query-input":{"@type":"PropertyValueSpecification","valueRequired":true,"valueName":"search_term_string"}}],"inLanguage":"fr-FR"},{"@type":"Organization","@id":"https:\/\/1-plus.fr\/awatoz\/#organization","name":"AWATOZA 1-PLUS","url":"https:\/\/1-plus.fr\/awatoz\/","logo":{"@type":"ImageObject","inLanguage":"fr-FR","@id":"https:\/\/1-plus.fr\/awatoz\/#\/schema\/logo\/image\/","url":"https:\/\/1-plus.fr\/awatoz\/wp-content\/uploads\/2026\/01\/telechargement.jpg","contentUrl":"https:\/\/1-plus.fr\/awatoz\/wp-content\/uploads\/2026\/01\/telechargement.jpg","width":222,"height":227,"caption":"AWATOZA 1-PLUS"},"image":{"@id":"https:\/\/1-plus.fr\/awatoz\/#\/schema\/logo\/image\/"}}]}},"amp_enabled":true,"_links":{"self":[{"href":"https:\/\/1-plus.fr\/awatoz\/wp-json\/wp\/v2\/product\/394","targetHints":{"allow":["GET"]}}],"collection":[{"href":"https:\/\/1-plus.fr\/awatoz\/wp-json\/wp\/v2\/product"}],"about":[{"href":"https:\/\/1-plus.fr\/awatoz\/wp-json\/wp\/v2\/types\/product"}],"replies":[{"embeddable":true,"href":"https:\/\/1-plus.fr\/awatoz\/wp-json\/wp\/v2\/comments?post=394"}],"wp:featuredmedia":[{"embeddable":true,"href":"https:\/\/1-plus.fr\/awatoz\/wp-json\/wp\/v2\/media\/396"}],"wp:attachment":[{"href":"https:\/\/1-plus.fr\/awatoz\/wp-json\/wp\/v2\/media?parent=394"}],"wp:term":[{"taxonomy":"product_brand","embeddable":true,"href":"https:\/\/1-plus.fr\/awatoz\/wp-json\/wp\/v2\/product_brand?post=394"},{"taxonomy":"product_cat","embeddable":true,"href":"https:\/\/1-plus.fr\/awatoz\/wp-json\/wp\/v2\/product_cat?post=394"},{"taxonomy":"product_tag","embeddable":true,"href":"https:\/\/1-plus.fr\/awatoz\/wp-json\/wp\/v2\/product_tag?post=394"}],"curies":[{"name":"wp","href":"https:\/\/api.w.org\/{rel}","templated":true}]}}